{"id":1002,"date":"2021-10-08T06:08:04","date_gmt":"2021-10-08T11:08:04","guid":{"rendered":"https:\/\/serviciosxpress.com\/index.php\/about\/"},"modified":"2023-09-05T16:03:40","modified_gmt":"2023-09-05T22:03:40","slug":"sobre-nosotros","status":"publish","type":"page","link":"https:\/\/serviciosxpress.com\/index.php\/sobre-nosotros\/","title":{"rendered":"Sobre Nosotros"},"content":{"rendered":"\n<div class=\"wp-block-uagb-container uagb-block-78d5481f alignfull uagb-is-root-container\"><div class=\"uagb-container-inner-blocks-wrap\">\n<h2 class=\"wp-block-heading has-text-align-center\">Sobre Nosotros<\/h2>\n\n\n\n<p class=\"has-text-align-left\"><strong>Servicios Xpress <\/strong>es una tienda online para hacer sus env\u00edos a Cuba desde cualquier parte del mundo, nuestro servicio est\u00e1 disponible las 24 horas del d\u00eda durante todo el a\u00f1o.<\/p>\n\n\n\n<p>Contamos con el mejor servicio al cliente, le atenderemos siempre de manera inmediata, brindamos una navegaci\u00f3n f\u00e1cil, c\u00f3moda y muy r\u00e1pida, con todos nuestros productos visualizados de una forma clara y organizada que har\u00e1 de sus compras una experiencia muy confortable.<\/p>\n\n\n\n<p>En nuestra plataforma contamos con varios m\u00e9todos de pago, los cuales puede realizar antes o luego de recibir el envi\u00f3 su destinatario, siempre buscando que tenga la mayor cantidad de opciones posibles a su disposici\u00f3n.<\/p>\n\n\n\n<p class=\"has-text-align-left\">Aceptamos pagos por tarjeta de cr\u00e9dito Visa y MasterCard. Garantizamos 100% la seguridad en las transacciones en l\u00ednea. Para evitar fraudes y uso indebido de las tarjetas de cr\u00e9dito, nuestro equipo de supervisi\u00f3n analiza la autenticidad de todas las transacciones.<\/p>\n\n\n\n<p class=\"has-text-align-left\">Como regla general, las \u00f3rdenes son entregadas en un plazo de 24 horas para la provincia de Sancti Sp\u00edritus y todos sus municipios. Con nuestras entregas tiene garantizando que su compra realizada llegue en perfecto estado al destinatario final.<\/p>\n\n\n\n<p>Nuestra Agencia Online es su mejor opci\u00f3n&nbsp; para realizar sus ordenes. Contamos con una gran variedad de productos que ponemos a su disposici\u00f3n para hacerlos llegar, desde la comodidad de su casa, de un modo r\u00e1pido, seguro y con los mejores precios .<\/p>\n\n\n\n<p>CONTACTOS DE LA COMPA\u00d1IA<\/p>\n\n\n\n<p>Email:<br><a href=\"mailto:info@serviciosxpress.com\">info@serviciosxpress.com<\/a><\/p>\n\n\n\n<p>Cualquier cambio en el uso de la informaci\u00f3n personal se comunicar\u00e1 en versiones futuras de nuestra&nbsp;<a href=\"https:\/\/serviciosxpress.com\/index.php\/politica-de-privacidad\/\" data-type=\"link\" data-id=\"https:\/\/serviciosxpress.com\/index.php\/politica-de-privacidad\/\"><strong>Pol\u00edtica de Privacidad<\/strong>.<\/a><\/p>\n\n\n\n<p>Usted puede enviar sus opiniones con respecto a nuestra pol\u00edtica y su implementaci\u00f3n a:<br><a href=\"mailto:info@serviciosxpress.com\">info@serviciosxpress.com<\/a><\/p>\n<\/div><\/div>\n\n\n\n<div class=\"wp-block-uagb-container uagb-block-cb8a27eb alignfull uagb-is-root-container\"><div class=\"uagb-container-inner-blocks-wrap\">\n<div class=\"wp-block-uagb-container uagb-block-1ffc9321\"><\/div>\n\n\n\n<div class=\"wp-block-uagb-container uagb-block-6fd6ef76\"><\/div>\n<\/div><\/div>\n\n\n\n<div class=\"wp-block-uagb-container uagb-block-49ac6c54 alignfull uagb-is-root-container\"><div class=\"uagb-container-inner-blocks-wrap\">\n<div class=\"wp-block-uagb-container uagb-block-31678c7a\"><\/div>\n\n\n\n<div class=\"wp-block-uagb-container uagb-block-c27f1001\"><\/div>\n\n\n\n<div class=\"wp-block-uagb-container uagb-block-5f6db9c8\"><\/div>\n\n\n\n<div class=\"wp-block-uagb-container uagb-block-ce084b80\"><\/div>\n\n\n\n<div class=\"wp-block-uagb-container uagb-block-d319bd77\"><\/div>\n\n\n\n<div class=\"wp-block-uagb-container uagb-block-d47921e8\"><\/div>\n<\/div><\/div>\n","protected":false},"excerpt":{"rendered":"<p>Sobre Nosotros Servicios Xpress es una tienda online para hacer sus env\u00edos a Cuba desde cualquier parte del mundo, nuestro servicio est\u00e1 disponible las 24 horas del d\u00eda durante todo el a\u00f1o. Contamos con el mejor servicio al cliente, le atenderemos siempre de manera inmediata, brindamos una navegaci\u00f3n f\u00e1cil, c\u00f3moda y muy r\u00e1pida, con todos [&hellip;]<\/p>\n","protected":false},"author":1,"featured_media":0,"parent":0,"menu_order":0,"comment_status":"closed","ping_status":"closed","template":"","meta":{"_uag_custom_page_level_css":"","site-sidebar-layout":"no-sidebar","site-content-layout":"plain-container","ast-site-content-layout":"normal-width-container","site-content-style":"unboxed","site-sidebar-style":"unboxed","ast-global-header-display":"","ast-banner-title-visibility":"","ast-main-header-display":"","ast-hfb-above-header-display":"","ast-hfb-below-header-display":"","ast-hfb-mobile-header-display":"","site-post-title":"disabled","ast-breadcrumbs-content":"","ast-featured-img":"disabled","footer-sml-layout":"","ast-disable-related-posts":"","theme-transparent-header-meta":"disabled","adv-header-id-meta":"","stick-header-meta":"","header-above-stick-meta":"","header-main-stick-meta":"","header-below-stick-meta":"","astra-migrate-meta-layouts":"set","ast-page-background-enabled":"default","ast-page-background-meta":{"desktop":{"background-color":"var(--ast-global-color-4)","background-image":"","background-repeat":"repeat","background-position":"center center","background-size":"auto","background-attachment":"scroll","background-type":"","background-media":"","overlay-type":"","overlay-color":"","overlay-opacity":"","overlay-gradient":""},"tablet":{"background-color":"","background-image":"","background-repeat":"repeat","background-position":"center center","background-size":"auto","background-attachment":"scroll","background-type":"","background-media":"","overlay-type":"","overlay-color":"","overlay-opacity":"","overlay-gradient":""},"mobile":{"background-color":"","background-image":"","background-repeat":"repeat","background-position":"center center","background-size":"auto","background-attachment":"scroll","background-type":"","background-media":"","overlay-type":"","overlay-color":"","overlay-opacity":"","overlay-gradient":""}},"ast-content-background-meta":{"desktop":{"background-color":"var(--ast-global-color-5)","background-image":"","background-repeat":"repeat","background-position":"center center","background-size":"auto","background-attachment":"scroll","background-type":"","background-media":"","overlay-type":"","overlay-color":"","overlay-opacity":"","overlay-gradient":""},"tablet":{"background-color":"var(--ast-global-color-5)","background-image":"","background-repeat":"repeat","background-position":"center center","background-size":"auto","background-attachment":"scroll","background-type":"","background-media":"","overlay-type":"","overlay-color":"","overlay-opacity":"","overlay-gradient":""},"mobile":{"background-color":"var(--ast-global-color-5)","background-image":"","background-repeat":"repeat","background-position":"center center","background-size":"auto","background-attachment":"scroll","background-type":"","background-media":"","overlay-type":"","overlay-color":"","overlay-opacity":"","overlay-gradient":""}},"footnotes":""},"class_list":["post-1002","page","type-page","status-publish","hentry"],"uagb_featured_image_src":{"full":false,"thumbnail":false,"medium":false,"medium_large":false,"large":false,"1536x1536":false,"2048x2048":false,"woocommerce_thumbnail":false,"woocommerce_single":false,"woocommerce_gallery_thumbnail":false},"uagb_author_info":{"display_name":"serviciosxpress.com","author_link":"https:\/\/serviciosxpress.com\/index.php\/author\/serviciosxpress-com\/"},"uagb_comment_info":0,"uagb_excerpt":"Sobre Nosotros Servicios Xpress es una tienda online para hacer sus env\u00edos a Cuba desde cualquier parte del mundo, nuestro servicio est\u00e1 disponible las 24 horas del d\u00eda durante todo el a\u00f1o. Contamos con el mejor servicio al cliente, le atenderemos siempre de manera inmediata, brindamos una navegaci\u00f3n f\u00e1cil, c\u00f3moda y muy r\u00e1pida, con todos&hellip;","jetpack_sharing_enabled":true,"_links":{"self":[{"href":"https:\/\/serviciosxpress.com\/index.php\/wp-json\/wp\/v2\/pages\/1002","targetHints":{"allow":["GET"]}}],"collection":[{"href":"https:\/\/serviciosxpress.com\/index.php\/wp-json\/wp\/v2\/pages"}],"about":[{"href":"https:\/\/serviciosxpress.com\/index.php\/wp-json\/wp\/v2\/types\/page"}],"author":[{"embeddable":true,"href":"https:\/\/serviciosxpress.com\/index.php\/wp-json\/wp\/v2\/users\/1"}],"replies":[{"embeddable":true,"href":"https:\/\/serviciosxpress.com\/index.php\/wp-json\/wp\/v2\/comments?post=1002"}],"version-history":[{"count":17,"href":"https:\/\/serviciosxpress.com\/index.php\/wp-json\/wp\/v2\/pages\/1002\/revisions"}],"predecessor-version":[{"id":2488,"href":"https:\/\/serviciosxpress.com\/index.php\/wp-json\/wp\/v2\/pages\/1002\/revisions\/2488"}],"wp:attachment":[{"href":"https:\/\/serviciosxpress.com\/index.php\/wp-json\/wp\/v2\/media?parent=1002"}],"curies":[{"name":"wp","href":"https:\/\/api.w.org\/{rel}","templated":true}]}}