{"id":2297,"date":"2023-09-02T14:36:52","date_gmt":"2023-09-02T20:36:52","guid":{"rendered":"https:\/\/serviciosxpress.com\/?page_id=2297"},"modified":"2023-09-05T16:17:19","modified_gmt":"2023-09-05T22:17:19","slug":"politica-de-entregas","status":"publish","type":"page","link":"https:\/\/serviciosxpress.com\/index.php\/politica-de-entregas\/","title":{"rendered":"Pol\u00edtica de entregas"},"content":{"rendered":"\n<h2 class=\"wp-block-heading has-text-align-center\">Pol\u00edtica de entregas<\/h2>\n\n\n\n<p>Al realizar la orden, el cliente podr\u00e1 especificar una persona, direcci\u00f3n de entrega y contacto telef\u00f3nico. Nuestro equipo se puede comunicar con el cliente y\/o destinatario de cada orden para: notificar sobre el pedido y confirmar la direcci\u00f3n, para verificar la informaci\u00f3n de pago, para controlar la entrega y\/o evaluar la calidad del servicio prestado y los productos recibidos.\u00a0<\/p>\n\n\n\n<p>En el momento de la entrega el destinatario deber\u00e1 revisar de conjunto con el transportista que los productos y las cantidades declaradas en la factura coincidan con la mercanc\u00eda recibida. Si alguno de los productos descritos en la orden no es entregado, el destinatario podr\u00e1 quedarse con el resto y hacer el pago correspondientes a los productos entregados o puede tambi\u00e9n esperar a que se les hagan llegar r\u00e1pidamente el\/los productos faltantes.&nbsp;<\/p>\n\n\n\n<p><strong>ATENCI\u00d3N:&nbsp;<\/strong>Una vez recibida, revisada y aceptada la orden de entrega por el destinatario no se aceptar\u00e1n reclamaciones por faltante de productos que no fueron reflejados en la factura de entrega.&nbsp;<\/p>\n\n\n\n<p>Si el destinatario no est\u00e1 presente en el momento de la entrega, la orden puede ser entregada a vecinos, amigos u otras personas siempre y cuando recibamos aprobaci\u00f3n por parte del cliente o destinatario. Preferiblemente solicitaremos una copia o foto de la identificaci\u00f3n del destinatario original.&nbsp;<\/p>\n\n\n\n<p>Las \u00f3rdenes que contengan errores en las direcciones y contactos de entrega pueden ser temporalmente retenidas hasta que el cliente aporte informaci\u00f3n correcta y suficiente. Si la informaci\u00f3n suministrada por el cliente est\u00e1 incompleta o no es suficiente para realizar la entrega de forma segura, la orden puede ser cancelada y el dinero devuelto al comprador.<\/p>\n\n\n\n<p>Los datos de tel\u00e9fono y\/o direcci\u00f3n electr\u00f3nica del destinatario, ingresados por el cliente en la ficha del destinatario, podr\u00e1n ser utilizados por el transportista o el equipo de gesti\u00f3n de Servicios Xpress para coordinar el horario de entrega y otros detalles del servicio con el destinatario. &nbsp;<\/p>\n\n\n\n<p>Para la protecci\u00f3n contra fraudes y\/o usos indebidos de tarjetas de cr\u00e9dito,&nbsp;Servicios Xpress se atribuye el derecho de retardar la entrega de los productos y\/o servicios hasta se verifique la autenticidad de la compra y, en caso de considerarlo oportuno, profundizar\u00e1 en el origen de cualquier transacci\u00f3n realizada en el sitio, seg\u00fan lo establecido en las regulaciones internas de la empresa.<\/p>\n\n\n\n<p>Los plazos de entrega de los env\u00edos o de la prestaci\u00f3n de los servicios comprados, comienzan a regir a partir de la aprobaci\u00f3n de la orden una vez comprobada su autenticidad.<\/p>\n\n\n\n<p>Si necesita realizar alguna pregunta o comentario puede contactarnos a trav\u00e9s del&nbsp;Centro de Ayuda&nbsp;disponible en el sitio<strong>&nbsp;<a href=\"http:\/\/serviciosxpress.com\" data-type=\"link\" data-id=\"serviciosxpress.com\">serviciosxpress.com<\/a><\/strong>&nbsp;o por el email&nbsp;<a href=\"mailto:info@serviciosxpress.com\"><strong>info@serviciosxpress.com<\/strong><\/a><\/p>\n","protected":false},"excerpt":{"rendered":"<p>Pol\u00edtica de entregas Al realizar la orden, el cliente podr\u00e1 especificar una persona, direcci\u00f3n de entrega y contacto telef\u00f3nico. Nuestro equipo se puede comunicar con el cliente y\/o destinatario de cada orden para: notificar sobre el pedido y confirmar la direcci\u00f3n, para verificar la informaci\u00f3n de pago, para controlar la entrega y\/o evaluar la calidad [&hellip;]<\/p>\n","protected":false},"author":1,"featured_media":0,"parent":0,"menu_order":0,"comment_status":"closed","ping_status":"closed","template":"","meta":{"_uag_custom_page_level_css":"","site-sidebar-layout":"default","site-content-layout":"","ast-site-content-layout":"default","site-content-style":"default","site-sidebar-style":"default","ast-global-header-display":"","ast-banner-title-visibility":"","ast-main-header-display":"","ast-hfb-above-header-display":"","ast-hfb-below-header-display":"","ast-hfb-mobile-header-display":"","site-post-title":"disabled","ast-breadcrumbs-content":"","ast-featured-img":"","footer-sml-layout":"","ast-disable-related-posts":"","theme-transparent-header-meta":"","adv-header-id-meta":"","stick-header-meta":"","header-above-stick-meta":"","header-main-stick-meta":"","header-below-stick-meta":"","astra-migrate-meta-layouts":"set","ast-page-background-enabled":"default","ast-page-background-meta":{"desktop":{"background-color":"var(--ast-global-color-4)","background-image":"","background-repeat":"repeat","background-position":"center center","background-size":"auto","background-attachment":"scroll","background-type":"","background-media":"","overlay-type":"","overlay-color":"","overlay-opacity":"","overlay-gradient":""},"tablet":{"background-color":"","background-image":"","background-repeat":"repeat","background-position":"center center","background-size":"auto","background-attachment":"scroll","background-type":"","background-media":"","overlay-type":"","overlay-color":"","overlay-opacity":"","overlay-gradient":""},"mobile":{"background-color":"","background-image":"","background-repeat":"repeat","background-position":"center center","background-size":"auto","background-attachment":"scroll","background-type":"","background-media":"","overlay-type":"","overlay-color":"","overlay-opacity":"","overlay-gradient":""}},"ast-content-background-meta":{"desktop":{"background-color":"var(--ast-global-color-5)","background-image":"","background-repeat":"repeat","background-position":"center center","background-size":"auto","background-attachment":"scroll","background-type":"","background-media":"","overlay-type":"","overlay-color":"","overlay-opacity":"","overlay-gradient":""},"tablet":{"background-color":"var(--ast-global-color-5)","background-image":"","background-repeat":"repeat","background-position":"center center","background-size":"auto","background-attachment":"scroll","background-type":"","background-media":"","overlay-type":"","overlay-color":"","overlay-opacity":"","overlay-gradient":""},"mobile":{"background-color":"var(--ast-global-color-5)","background-image":"","background-repeat":"repeat","background-position":"center center","background-size":"auto","background-attachment":"scroll","background-type":"","background-media":"","overlay-type":"","overlay-color":"","overlay-opacity":"","overlay-gradient":""}},"footnotes":""},"class_list":["post-2297","page","type-page","status-publish","hentry"],"uagb_featured_image_src":{"full":false,"thumbnail":false,"medium":false,"medium_large":false,"large":false,"1536x1536":false,"2048x2048":false,"woocommerce_thumbnail":false,"woocommerce_single":false,"woocommerce_gallery_thumbnail":false},"uagb_author_info":{"display_name":"serviciosxpress.com","author_link":"https:\/\/serviciosxpress.com\/index.php\/author\/serviciosxpress-com\/"},"uagb_comment_info":0,"uagb_excerpt":"Pol\u00edtica de entregas Al realizar la orden, el cliente podr\u00e1 especificar una persona, direcci\u00f3n de entrega y contacto telef\u00f3nico. Nuestro equipo se puede comunicar con el cliente y\/o destinatario de cada orden para: notificar sobre el pedido y confirmar la direcci\u00f3n, para verificar la informaci\u00f3n de pago, para controlar la entrega y\/o evaluar la calidad&hellip;","jetpack_sharing_enabled":true,"_links":{"self":[{"href":"https:\/\/serviciosxpress.com\/index.php\/wp-json\/wp\/v2\/pages\/2297","targetHints":{"allow":["GET"]}}],"collection":[{"href":"https:\/\/serviciosxpress.com\/index.php\/wp-json\/wp\/v2\/pages"}],"about":[{"href":"https:\/\/serviciosxpress.com\/index.php\/wp-json\/wp\/v2\/types\/page"}],"author":[{"embeddable":true,"href":"https:\/\/serviciosxpress.com\/index.php\/wp-json\/wp\/v2\/users\/1"}],"replies":[{"embeddable":true,"href":"https:\/\/serviciosxpress.com\/index.php\/wp-json\/wp\/v2\/comments?post=2297"}],"version-history":[{"count":14,"href":"https:\/\/serviciosxpress.com\/index.php\/wp-json\/wp\/v2\/pages\/2297\/revisions"}],"predecessor-version":[{"id":2497,"href":"https:\/\/serviciosxpress.com\/index.php\/wp-json\/wp\/v2\/pages\/2297\/revisions\/2497"}],"wp:attachment":[{"href":"https:\/\/serviciosxpress.com\/index.php\/wp-json\/wp\/v2\/media?parent=2297"}],"curies":[{"name":"wp","href":"https:\/\/api.w.org\/{rel}","templated":true}]}}