{"id":2299,"date":"2023-09-02T14:39:33","date_gmt":"2023-09-02T20:39:33","guid":{"rendered":"https:\/\/serviciosxpress.com\/?page_id=2299"},"modified":"2023-09-05T16:33:03","modified_gmt":"2023-09-05T22:33:03","slug":"politica-de-devolucion","status":"publish","type":"page","link":"https:\/\/serviciosxpress.com\/index.php\/politica-de-devolucion\/","title":{"rendered":"Pol\u00edtica de devoluci\u00f3n"},"content":{"rendered":"\n<h2 class=\"wp-block-heading has-text-align-center\">Pol\u00edtica de devoluci\u00f3n<\/h2>\n\n\n\n<p>Dada la naturaleza de nuestros productos, no realizamos reembolsos despu\u00e9s de procesar el pedido y enviar el producto. Usted como cliente debe entenderlo y tenerlo en cuenta antes de comprar cualquier producto alimenticio ofrecido en nuestro sitio web.\u00a0<\/p>\n\n\n\n<p>La persona que recibe la orden en Cuba debe asegurarse de verificar que los productos que recibe coincidan con la orden realizada. Asimismo, revisar muy bien los empaques y verificar que est\u00e9n en perfecto estado en compa\u00f1\u00eda del transportista antes de aceptar su pedido y comfirmar la compra. En caso de no verificar sus productos recibidos en el momemnto se pierde el derecho de reclamaci\u00f3n. No nos hacemos responsables por defectos que est\u00e9n a la vista, ni por diferencias en la cantidad y surtido de los productos que el consumidor\/receptor haya aceptado al momento de la entrega y que debi\u00f3 haber advertido en el acto de la entrega.&nbsp;<\/p>\n\n\n\n<p>Sin embargo, nos damos cuenta de que pueden existir circunstancias excepcionales. Por lo tanto, realizamos reemplazos y\/o reembolsos en los siguientes casos:&nbsp;<\/p>\n\n\n\n<p><strong>Producto\/Orden no entregado<\/strong>:&nbsp;<\/p>\n\n\n\n<p>Las reclamaciones por falta de entrega de la orden se deben realizar en un plazo m\u00e1ximo de 15 &#8211; 20 d\u00edas despu\u00e9s de realizada la orden. Las reclamaciones por la no entrega de un producto espec\u00edfico dentro de una orden debe realizarse dentro de las 24 horas siguientes a la fecha de entrega de la compra. De lo contrario, consideraremos que la orden fue recibida sin problemas.&nbsp;<\/p>\n\n\n\n<p><strong>Producto no corresponde a su descripci\u00f3n:&nbsp;<\/strong><\/p>\n\n\n\n<p>Este tipo de incidencia debe ser reportada en no m\u00e1s de 24 horas despu\u00e9s de haber recibido la orden. Se debe proporcionar una evidencia clara que demuestre que el producto comprado no corresponde a su descripci\u00f3n en la p\u00e1gina de producto. Las quejas que se basen meramente en expectativas injustificadas, deseos personales del cliente o desconocimiento sobre c\u00f3mo procesar un producto no se tomar\u00e1n en cuenta.&nbsp;<\/p>\n\n\n\n<p><strong>Producto en mal estado:&nbsp;<\/strong><\/p>\n\n\n\n<p>Aunque todos los productos se chequean minuciosamente antes de ser entregados, a veces pueden ocurrir incidencias inesperadas. Este problema debe ser reportado en no m\u00e1s de 24 horas despu\u00e9s de haber recibido la orden. Se debe mostrar una evidencia clara de que el producto est\u00e1 expirado, de que el empaque original del producto no contiene la fecha de producci\u00f3n y\/o expiraci\u00f3n, o de que el color u olor no corresponde con un producto fresco.&nbsp;<\/p>\n\n\n\n<p><strong>Entrega retrasada del Producto\/Orden:&nbsp;<\/strong><\/p>\n\n\n\n<p>Si la orden o alguno de sus productos no se entrega en el plazo estimado de un m\u00e1ximo de 3 d\u00edas h\u00e1biles (sin incluir fines de semana) debido a fallos de nuestro servicio, usted tiene derecho a ser reembolsado sin ninguna compensaci\u00f3n adicional. Tenga en cuenta que se requiere tener toda la informaci\u00f3n de contacto actualizada de la persona que recibir\u00e1 la orden en Cuba. Si dicha informaci\u00f3n no se proporcion\u00f3 de manera oportuna se puede rechazar la solicitud de reembolso.&nbsp;<\/p>\n\n\n\n<p><strong>CANCELACION DE ORDENES:&nbsp;<\/strong><\/p>\n\n\n\n<p>Tenga en cuenta que cuando se cancela una orden que no ha sido por fallo nuestro no reembolsamos el valor cobrado por Manejo y Env\u00edo. El concepto de Manejo y Env\u00edo incluye adem\u00e1s de la preparaci\u00f3n, empaquetado, env\u00edo y entrega de la orden, el uso de la plataforma, procesamiento del pago, y en el caso de las cancelaciones ajuste del inventario y la tarifa por concepto de cancelaci\u00f3n que aplica la pasarela de pago con la que trabajamos.&nbsp;<\/p>\n\n\n\n<p>NOTAS GENERALES A TENER EN CUENTA PARA LAS RECLAMACIONES Y\/O CANCELACIONES:\u00a0<\/p>\n\n\n\n<p>1. Todas las cancelaciones deben realizarse a trav\u00e9s de los canales de Atenci\u00f3n al Cliente por el cliente que realiz\u00f3 la compra, en un plazo no mayor de 24 horas despu\u00e9s de completada la orden.<\/p>\n\n\n\n<p>2. Las reclamaciones realizadas fuera de las primeras 24 horas despu\u00e9s de entregada la orden ser\u00e1n rechazadas.&nbsp;<\/p>\n\n\n\n<p>3. Para que una reclamaci\u00f3n sea v\u00e1lida se deben conservar los productos da\u00f1ados y\/o empaques originales.&nbsp;<\/p>\n\n\n\n<p>4. A los art\u00edculos que hayan sido consumidos o manipulados se les puede negar el cambio o reembolso.&nbsp;<\/p>\n\n\n\n<p>5. El cambio de los productos puede tomar m\u00e1s de 1 d\u00eda<\/p>\n\n\n\n<p>6. Los reembolsos se realizan exclusivamente al m\u00e9todo de pago utilizado para la compra. Puede tomar de 5 a 7 d\u00edas para reflejarse en la cuenta, seg\u00fan el banco de la tarjeta utilizada.&nbsp;<\/p>\n","protected":false},"excerpt":{"rendered":"<p>Pol\u00edtica de devoluci\u00f3n Dada la naturaleza de nuestros productos, no realizamos reembolsos despu\u00e9s de procesar el pedido y enviar el producto. Usted como cliente debe entenderlo y tenerlo en cuenta antes de comprar cualquier producto alimenticio ofrecido en nuestro sitio web.\u00a0 La persona que recibe la orden en Cuba debe asegurarse de verificar que los [&hellip;]<\/p>\n","protected":false},"author":1,"featured_media":0,"parent":0,"menu_order":0,"comment_status":"closed","ping_status":"closed","template":"","meta":{"_uag_custom_page_level_css":"","site-sidebar-layout":"default","site-content-layout":"","ast-site-content-layout":"default","site-content-style":"default","site-sidebar-style":"default","ast-global-header-display":"","ast-banner-title-visibility":"","ast-main-header-display":"","ast-hfb-above-header-display":"","ast-hfb-below-header-display":"","ast-hfb-mobile-header-display":"","site-post-title":"disabled","ast-breadcrumbs-content":"","ast-featured-img":"","footer-sml-layout":"","ast-disable-related-posts":"","theme-transparent-header-meta":"","adv-header-id-meta":"","stick-header-meta":"","header-above-stick-meta":"","header-main-stick-meta":"","header-below-stick-meta":"","astra-migrate-meta-layouts":"set","ast-page-background-enabled":"default","ast-page-background-meta":{"desktop":{"background-color":"var(--ast-global-color-4)","background-image":"","background-repeat":"repeat","background-position":"center center","background-size":"auto","background-attachment":"scroll","background-type":"","background-media":"","overlay-type":"","overlay-color":"","overlay-opacity":"","overlay-gradient":""},"tablet":{"background-color":"","background-image":"","background-repeat":"repeat","background-position":"center center","background-size":"auto","background-attachment":"scroll","background-type":"","background-media":"","overlay-type":"","overlay-color":"","overlay-opacity":"","overlay-gradient":""},"mobile":{"background-color":"","background-image":"","background-repeat":"repeat","background-position":"center center","background-size":"auto","background-attachment":"scroll","background-type":"","background-media":"","overlay-type":"","overlay-color":"","overlay-opacity":"","overlay-gradient":""}},"ast-content-background-meta":{"desktop":{"background-color":"var(--ast-global-color-5)","background-image":"","background-repeat":"repeat","background-position":"center center","background-size":"auto","background-attachment":"scroll","background-type":"","background-media":"","overlay-type":"","overlay-color":"","overlay-opacity":"","overlay-gradient":""},"tablet":{"background-color":"var(--ast-global-color-5)","background-image":"","background-repeat":"repeat","background-position":"center center","background-size":"auto","background-attachment":"scroll","background-type":"","background-media":"","overlay-type":"","overlay-color":"","overlay-opacity":"","overlay-gradient":""},"mobile":{"background-color":"var(--ast-global-color-5)","background-image":"","background-repeat":"repeat","background-position":"center center","background-size":"auto","background-attachment":"scroll","background-type":"","background-media":"","overlay-type":"","overlay-color":"","overlay-opacity":"","overlay-gradient":""}},"footnotes":""},"class_list":["post-2299","page","type-page","status-publish","hentry"],"uagb_featured_image_src":{"full":false,"thumbnail":false,"medium":false,"medium_large":false,"large":false,"1536x1536":false,"2048x2048":false,"woocommerce_thumbnail":false,"woocommerce_single":false,"woocommerce_gallery_thumbnail":false},"uagb_author_info":{"display_name":"serviciosxpress.com","author_link":"https:\/\/serviciosxpress.com\/index.php\/author\/serviciosxpress-com\/"},"uagb_comment_info":0,"uagb_excerpt":"Pol\u00edtica de devoluci\u00f3n Dada la naturaleza de nuestros productos, no realizamos reembolsos despu\u00e9s de procesar el pedido y enviar el producto. Usted como cliente debe entenderlo y tenerlo en cuenta antes de comprar cualquier producto alimenticio ofrecido en nuestro sitio web.\u00a0 La persona que recibe la orden en Cuba debe asegurarse de verificar que los&hellip;","jetpack_sharing_enabled":true,"_links":{"self":[{"href":"https:\/\/serviciosxpress.com\/index.php\/wp-json\/wp\/v2\/pages\/2299","targetHints":{"allow":["GET"]}}],"collection":[{"href":"https:\/\/serviciosxpress.com\/index.php\/wp-json\/wp\/v2\/pages"}],"about":[{"href":"https:\/\/serviciosxpress.com\/index.php\/wp-json\/wp\/v2\/types\/page"}],"author":[{"embeddable":true,"href":"https:\/\/serviciosxpress.com\/index.php\/wp-json\/wp\/v2\/users\/1"}],"replies":[{"embeddable":true,"href":"https:\/\/serviciosxpress.com\/index.php\/wp-json\/wp\/v2\/comments?post=2299"}],"version-history":[{"count":7,"href":"https:\/\/serviciosxpress.com\/index.php\/wp-json\/wp\/v2\/pages\/2299\/revisions"}],"predecessor-version":[{"id":2500,"href":"https:\/\/serviciosxpress.com\/index.php\/wp-json\/wp\/v2\/pages\/2299\/revisions\/2500"}],"wp:attachment":[{"href":"https:\/\/serviciosxpress.com\/index.php\/wp-json\/wp\/v2\/media?parent=2299"}],"curies":[{"name":"wp","href":"https:\/\/api.w.org\/{rel}","templated":true}]}}