{"id":2303,"date":"2023-09-02T14:44:04","date_gmt":"2023-09-02T20:44:04","guid":{"rendered":"https:\/\/serviciosxpress.com\/?page_id=2303"},"modified":"2023-09-05T16:47:20","modified_gmt":"2023-09-05T22:47:20","slug":"terminos-y-condiciones","status":"publish","type":"page","link":"https:\/\/serviciosxpress.com\/index.php\/terminos-y-condiciones\/","title":{"rendered":"T\u00e9rminos y condiciones"},"content":{"rendered":"\n<h2 class=\"wp-block-heading has-text-align-center\">T\u00e9rminos y condiciones<\/h2>\n\n\n\n<p>Usted o su destinatario pueden decidir no aceptar una orden realizada en el sitio si considera que no se le entregan las cantidades de productos ordenadas o por cualquier problema de calidad, roturas o imperfecciones en los productos entregados siempre y cuando haya sido revisado en el momento de la entrega junto al transportista.<\/p>\n\n\n\n<p> El monto pagado por la orden ser\u00e1 reembolsado una vez que el producto sea devuelto a nuestros distribuidores y proveedores sin haber sido desempacado. Una vez que los destinatarios acepten los productos y hayan sido revisados juntos al transportista, el valor de los productos no es reembolsable a menos que los da\u00f1os, imperfecciones o roturas est\u00e9n cubiertos por la garant\u00eda del producto. En ese caso, si los productos no pueden ser reemplazados y se le devolver\u00e1 el monto total pagado por ese producto.<\/p>\n\n\n\n<p> Las transacciones por las que se devuelve dinero al cliente no podr\u00e1n exceder el monto de la transacci\u00f3n original. DEVOLUCIONES SOLICITADAS POR LOS CLIENTES Cualquier cliente puede solicitar el credit back a su compra, si la orden no ha sido procesada y <a href=\"http:\/\/serviciosxpress.com\" data-type=\"link\" data-id=\"serviciosxpress.com\">serviciosxpress.com<\/a> est\u00e1 en la obligaci\u00f3n de devolverle su dinero. Si la solicitud del credit back es motivada por inter\u00e9s del cliente o por un error cometido al hacer su compra o cualquiera otra raz\u00f3n no inherente a un incumplimiento, mal servicio o inter\u00e9s de este sitio, se le descontar\u00e1 el 10 (diez) % del monto a devolver al cliente, a fin de cubrir los costos operacionales, tanto los vinculados a la compra como a la devoluci\u00f3n del dinero, as\u00ed como otros gastos bancarios relacionados a estas operaciones. <\/p>\n\n\n\n<p>Si el credit back responde a un mal servicio o incumplimiento del sitio o a una decisi\u00f3n tomada por su iniciativa, no se le har\u00e1 descuento alguno al cliente del monto remesado, asumiendo nuestra plataforma los costos mencionados en el p\u00e1rrafo anterior. Para obtener un reembolso, usted debe suministrar una direcci\u00f3n de correo electr\u00f3nico v\u00e1lida a <a href=\"http:\/\/serviciosxpress.com\" data-type=\"link\" data-id=\"serviciosxpress.com\">serviciosxpress.com<\/a> Este sitio no ser\u00e1 responsable ante ning\u00fan reclamo que resulte de suministrarle una direcci\u00f3n de correo electr\u00f3nico incorrecto.<\/p>\n","protected":false},"excerpt":{"rendered":"<p>T\u00e9rminos y condiciones Usted o su destinatario pueden decidir no aceptar una orden realizada en el sitio si considera que no se le entregan las cantidades de productos ordenadas o por cualquier problema de calidad, roturas o imperfecciones en los productos entregados siempre y cuando haya sido revisado en el momento de la entrega junto [&hellip;]<\/p>\n","protected":false},"author":1,"featured_media":0,"parent":0,"menu_order":0,"comment_status":"closed","ping_status":"closed","template":"","meta":{"_uag_custom_page_level_css":"","site-sidebar-layout":"default","site-content-layout":"","ast-site-content-layout":"default","site-content-style":"default","site-sidebar-style":"default","ast-global-header-display":"","ast-banner-title-visibility":"","ast-main-header-display":"","ast-hfb-above-header-display":"","ast-hfb-below-header-display":"","ast-hfb-mobile-header-display":"","site-post-title":"disabled","ast-breadcrumbs-content":"","ast-featured-img":"","footer-sml-layout":"","ast-disable-related-posts":"","theme-transparent-header-meta":"","adv-header-id-meta":"","stick-header-meta":"","header-above-stick-meta":"","header-main-stick-meta":"","header-below-stick-meta":"","astra-migrate-meta-layouts":"set","ast-page-background-enabled":"default","ast-page-background-meta":{"desktop":{"background-color":"var(--ast-global-color-4)","background-image":"","background-repeat":"repeat","background-position":"center center","background-size":"auto","background-attachment":"scroll","background-type":"","background-media":"","overlay-type":"","overlay-color":"","overlay-opacity":"","overlay-gradient":""},"tablet":{"background-color":"","background-image":"","background-repeat":"repeat","background-position":"center center","background-size":"auto","background-attachment":"scroll","background-type":"","background-media":"","overlay-type":"","overlay-color":"","overlay-opacity":"","overlay-gradient":""},"mobile":{"background-color":"","background-image":"","background-repeat":"repeat","background-position":"center center","background-size":"auto","background-attachment":"scroll","background-type":"","background-media":"","overlay-type":"","overlay-color":"","overlay-opacity":"","overlay-gradient":""}},"ast-content-background-meta":{"desktop":{"background-color":"var(--ast-global-color-5)","background-image":"","background-repeat":"repeat","background-position":"center center","background-size":"auto","background-attachment":"scroll","background-type":"","background-media":"","overlay-type":"","overlay-color":"","overlay-opacity":"","overlay-gradient":""},"tablet":{"background-color":"var(--ast-global-color-5)","background-image":"","background-repeat":"repeat","background-position":"center center","background-size":"auto","background-attachment":"scroll","background-type":"","background-media":"","overlay-type":"","overlay-color":"","overlay-opacity":"","overlay-gradient":""},"mobile":{"background-color":"var(--ast-global-color-5)","background-image":"","background-repeat":"repeat","background-position":"center center","background-size":"auto","background-attachment":"scroll","background-type":"","background-media":"","overlay-type":"","overlay-color":"","overlay-opacity":"","overlay-gradient":""}},"footnotes":""},"class_list":["post-2303","page","type-page","status-publish","hentry"],"uagb_featured_image_src":{"full":false,"thumbnail":false,"medium":false,"medium_large":false,"large":false,"1536x1536":false,"2048x2048":false,"woocommerce_thumbnail":false,"woocommerce_single":false,"woocommerce_gallery_thumbnail":false},"uagb_author_info":{"display_name":"serviciosxpress.com","author_link":"https:\/\/serviciosxpress.com\/index.php\/author\/serviciosxpress-com\/"},"uagb_comment_info":0,"uagb_excerpt":"T\u00e9rminos y condiciones Usted o su destinatario pueden decidir no aceptar una orden realizada en el sitio si considera que no se le entregan las cantidades de productos ordenadas o por cualquier problema de calidad, roturas o imperfecciones en los productos entregados siempre y cuando haya sido revisado en el momento de la entrega junto&hellip;","jetpack_sharing_enabled":true,"_links":{"self":[{"href":"https:\/\/serviciosxpress.com\/index.php\/wp-json\/wp\/v2\/pages\/2303","targetHints":{"allow":["GET"]}}],"collection":[{"href":"https:\/\/serviciosxpress.com\/index.php\/wp-json\/wp\/v2\/pages"}],"about":[{"href":"https:\/\/serviciosxpress.com\/index.php\/wp-json\/wp\/v2\/types\/page"}],"author":[{"embeddable":true,"href":"https:\/\/serviciosxpress.com\/index.php\/wp-json\/wp\/v2\/users\/1"}],"replies":[{"embeddable":true,"href":"https:\/\/serviciosxpress.com\/index.php\/wp-json\/wp\/v2\/comments?post=2303"}],"version-history":[{"count":5,"href":"https:\/\/serviciosxpress.com\/index.php\/wp-json\/wp\/v2\/pages\/2303\/revisions"}],"predecessor-version":[{"id":2505,"href":"https:\/\/serviciosxpress.com\/index.php\/wp-json\/wp\/v2\/pages\/2303\/revisions\/2505"}],"wp:attachment":[{"href":"https:\/\/serviciosxpress.com\/index.php\/wp-json\/wp\/v2\/media?parent=2303"}],"curies":[{"name":"wp","href":"https:\/\/api.w.org\/{rel}","templated":true}]}}