{"id":1904,"date":"2023-08-14T23:15:58","date_gmt":"2023-08-15T05:15:58","guid":{"rendered":"https:\/\/serviciosxpress.com\/?post_type=product&#038;p=1904"},"modified":"2023-10-17T02:20:43","modified_gmt":"2023-10-17T08:20:43","slug":"leche-condensada-benestare-370-g-13-05-oz","status":"publish","type":"product","link":"https:\/\/serviciosxpress.com\/index.php\/product\/leche-condensada-benestare-370-g-13-05-oz\/","title":{"rendered":"Leche condensada Benestare (370 g \/ 13.05 oz)"},"content":{"rendered":"<p>Leche parcialmente deshidratada a la que se ha a\u00f1adido sacarosa (az\u00facar semiblanco, az\u00facar blanco o az\u00facar blanco refinado) y que contiene en peso, al menos un 8% de materia grasa y no menos de un 28% de extracto seco total procedente de la leche.<\/p>\n<p>No apto para intolerantes a la lactosa.<\/p>\n<p>Usos: A\u00f1adir 3 o 4 cucharadas de leche condensada en un vaso de 200cc aproximadamente y completar con agua hasta su total disoluci\u00f3n. Obtendr\u00e1 as\u00ed un delicioso vaso de leche azucarada listo para tomar. Ideal para mezclar con tu caf\u00e9, acompa\u00f1ar y elaborar tus postres.<\/p>\n","protected":false},"excerpt":{"rendered":"<p>Leche parcialmente deshidratada a la que se ha a\u00f1adido sacarosa (az\u00facar semiblanco, az\u00facar blanco o az\u00facar blanco refinado) y que contiene en peso, al menos un 8% de materia grasa y no menos de un 28% de extracto seco total procedente de la leche. No apto para intolerantes a la lactosa. Usos: A\u00f1adir 3 o [&hellip;]<\/p>\n","protected":false},"featured_media":1758,"template":"","meta":{"_uag_custom_page_level_css":"","site-sidebar-layout":"default","site-content-layout":"","ast-site-content-layout":"default","site-content-style":"default","site-sidebar-style":"default","ast-global-header-display":"","ast-banner-title-visibility":"","ast-main-header-display":"","ast-hfb-above-header-display":"","ast-hfb-below-header-display":"","ast-hfb-mobile-header-display":"","site-post-title":"","ast-breadcrumbs-content":"","ast-featured-img":"","footer-sml-layout":"","ast-disable-related-posts":"","theme-transparent-header-meta":"default","adv-header-id-meta":"","stick-header-meta":"","header-above-stick-meta":"","header-main-stick-meta":"","header-below-stick-meta":"","astra-migrate-meta-layouts":"set","ast-page-background-enabled":"default","ast-page-background-meta":{"desktop":{"background-color":"var(--ast-global-color-4)","background-image":"","background-repeat":"repeat","background-position":"center center","background-size":"auto","background-attachment":"scroll","background-type":"","background-media":"","overlay-type":"","overlay-color":"","overlay-opacity":"","overlay-gradient":""},"tablet":{"background-color":"","background-image":"","background-repeat":"repeat","background-position":"center center","background-size":"auto","background-attachment":"scroll","background-type":"","background-media":"","overlay-type":"","overlay-color":"","overlay-opacity":"","overlay-gradient":""},"mobile":{"background-color":"","background-image":"","background-repeat":"repeat","background-position":"center center","background-size":"auto","background-attachment":"scroll","background-type":"","background-media":"","overlay-type":"","overlay-color":"","overlay-opacity":"","overlay-gradient":""}},"ast-content-background-meta":{"desktop":{"background-color":"var(--ast-global-color-5)","background-image":"","background-repeat":"repeat","background-position":"center center","background-size":"auto","background-attachment":"scroll","background-type":"","background-media":"","overlay-type":"","overlay-color":"","overlay-opacity":"","overlay-gradient":""},"tablet":{"background-color":"var(--ast-global-color-5)","background-image":"","background-repeat":"repeat","background-position":"center center","background-size":"auto","background-attachment":"scroll","background-type":"","background-media":"","overlay-type":"","overlay-color":"","overlay-opacity":"","overlay-gradient":""},"mobile":{"background-color":"var(--ast-global-color-5)","background-image":"","background-repeat":"repeat","background-position":"center center","background-size":"auto","background-attachment":"scroll","background-type":"","background-media":"","overlay-type":"","overlay-color":"","overlay-opacity":"","overlay-gradient":""}}},"product_brand":[],"product_cat":[57],"product_tag":[],"class_list":{"0":"post-1904","1":"product","2":"type-product","3":"status-publish","4":"has-post-thumbnail","6":"product_cat-lacteos-y-huevos","7":"desktop-align-left","8":"tablet-align-left","9":"mobile-align-left","11":"first","12":"instock","13":"shipping-taxable","14":"purchasable","15":"product-type-simple"},"uagb_featured_image_src":{"full":["https:\/\/serviciosxpress.com\/wp-content\/uploads\/2023\/08\/121302-1.jpg",1000,1000,false],"thumbnail":["https:\/\/serviciosxpress.com\/wp-content\/uploads\/2023\/08\/121302-1-150x150.jpg",150,150,true],"medium":["https:\/\/serviciosxpress.com\/wp-content\/uploads\/2023\/08\/121302-1-300x300.jpg",300,300,true],"medium_large":["https:\/\/serviciosxpress.com\/wp-content\/uploads\/2023\/08\/121302-1-768x768.jpg",768,768,true],"large":["https:\/\/serviciosxpress.com\/wp-content\/uploads\/2023\/08\/121302-1.jpg",1000,1000,false],"1536x1536":["https:\/\/serviciosxpress.com\/wp-content\/uploads\/2023\/08\/121302-1.jpg",1000,1000,false],"2048x2048":["https:\/\/serviciosxpress.com\/wp-content\/uploads\/2023\/08\/121302-1.jpg",1000,1000,false],"woocommerce_thumbnail":["https:\/\/serviciosxpress.com\/wp-content\/uploads\/2023\/08\/121302-1-300x300.jpg",300,300,true],"woocommerce_single":["https:\/\/serviciosxpress.com\/wp-content\/uploads\/2023\/08\/121302-1-600x600.jpg",600,600,true],"woocommerce_gallery_thumbnail":["https:\/\/serviciosxpress.com\/wp-content\/uploads\/2023\/08\/121302-1-100x100.jpg",100,100,true]},"uagb_author_info":{"display_name":"serviciosxpress.com","author_link":"https:\/\/serviciosxpress.com\/index.php\/author\/"},"uagb_comment_info":0,"uagb_excerpt":"Leche parcialmente deshidratada a la que se ha a\u00f1adido sacarosa (az\u00facar semiblanco, az\u00facar blanco o az\u00facar blanco refinado) y que contiene en peso, al menos un 8% de materia grasa y no menos de un 28% de extracto seco total procedente de la leche. No apto para intolerantes a la lactosa. Usos: A\u00f1adir 3 o&hellip;","jetpack_sharing_enabled":true,"_links":{"self":[{"href":"https:\/\/serviciosxpress.com\/index.php\/wp-json\/wp\/v2\/product\/1904","targetHints":{"allow":["GET"]}}],"collection":[{"href":"https:\/\/serviciosxpress.com\/index.php\/wp-json\/wp\/v2\/product"}],"about":[{"href":"https:\/\/serviciosxpress.com\/index.php\/wp-json\/wp\/v2\/types\/product"}],"wp:featuredmedia":[{"embeddable":true,"href":"https:\/\/serviciosxpress.com\/index.php\/wp-json\/wp\/v2\/media\/1758"}],"wp:attachment":[{"href":"https:\/\/serviciosxpress.com\/index.php\/wp-json\/wp\/v2\/media?parent=1904"}],"wp:term":[{"taxonomy":"product_brand","embeddable":true,"href":"https:\/\/serviciosxpress.com\/index.php\/wp-json\/wp\/v2\/product_brand?post=1904"},{"taxonomy":"product_cat","embeddable":true,"href":"https:\/\/serviciosxpress.com\/index.php\/wp-json\/wp\/v2\/product_cat?post=1904"},{"taxonomy":"product_tag","embeddable":true,"href":"https:\/\/serviciosxpress.com\/index.php\/wp-json\/wp\/v2\/product_tag?post=1904"}],"curies":[{"name":"wp","href":"https:\/\/api.w.org\/{rel}","templated":true}]}}