{"id":1911,"date":"2023-08-15T00:19:36","date_gmt":"2023-08-15T06:19:36","guid":{"rendered":"https:\/\/serviciosxpress.com\/?post_type=product&#038;p=1911"},"modified":"2023-10-17T02:28:33","modified_gmt":"2023-10-17T08:28:33","slug":"spaghetti-mediterranea-500gr","status":"publish","type":"product","link":"https:\/\/serviciosxpress.com\/index.php\/product\/spaghetti-mediterranea-500gr\/","title":{"rendered":"Spaghetti Mediterranea (500gr)"},"content":{"rendered":"<p style=\"text-align: left;\">Paquete de Spaguetti Mediterranea de 500 gramos<\/p>\n<p>Pasta elaborada a partir de s\u00e9mola de trigo duro y agua.<\/p>\n<p>La s\u00e9mola se produce limpiando, moliendo y tamizando \u00fanicamente trigo duro sano apto para el consumo humano.<\/p>\n<p>Es una pasta libre de impurezas, grumos y aditivos de cualquier tipo.<\/p>\n<p>Es ideal para los amantes de las recetas cl\u00e1sicas y los sabores atemporales. Cocci\u00f3n entre 7 y 9 minutos.<\/p>\n<p>&nbsp;<\/p>\n","protected":false},"excerpt":{"rendered":"<p>Paquete de Spaguetti Mediterranea de 500 gramos Pasta elaborada a partir de s\u00e9mola de trigo duro y agua. La s\u00e9mola se produce limpiando, moliendo y tamizando \u00fanicamente trigo duro sano apto para el consumo humano. Es una pasta libre de impurezas, grumos y aditivos de cualquier tipo. Es ideal para los amantes de las recetas [&hellip;]<\/p>\n","protected":false},"featured_media":1912,"template":"","meta":{"_uag_custom_page_level_css":"","site-sidebar-layout":"default","site-content-layout":"","ast-site-content-layout":"default","site-content-style":"default","site-sidebar-style":"default","ast-global-header-display":"","ast-banner-title-visibility":"","ast-main-header-display":"","ast-hfb-above-header-display":"","ast-hfb-below-header-display":"","ast-hfb-mobile-header-display":"","site-post-title":"","ast-breadcrumbs-content":"","ast-featured-img":"","footer-sml-layout":"","ast-disable-related-posts":"","theme-transparent-header-meta":"default","adv-header-id-meta":"","stick-header-meta":"","header-above-stick-meta":"","header-main-stick-meta":"","header-below-stick-meta":"","astra-migrate-meta-layouts":"set","ast-page-background-enabled":"default","ast-page-background-meta":{"desktop":{"background-color":"var(--ast-global-color-4)","background-image":"","background-repeat":"repeat","background-position":"center center","background-size":"auto","background-attachment":"scroll","background-type":"","background-media":"","overlay-type":"","overlay-color":"","overlay-opacity":"","overlay-gradient":""},"tablet":{"background-color":"","background-image":"","background-repeat":"repeat","background-position":"center center","background-size":"auto","background-attachment":"scroll","background-type":"","background-media":"","overlay-type":"","overlay-color":"","overlay-opacity":"","overlay-gradient":""},"mobile":{"background-color":"","background-image":"","background-repeat":"repeat","background-position":"center center","background-size":"auto","background-attachment":"scroll","background-type":"","background-media":"","overlay-type":"","overlay-color":"","overlay-opacity":"","overlay-gradient":""}},"ast-content-background-meta":{"desktop":{"background-color":"var(--ast-global-color-5)","background-image":"","background-repeat":"repeat","background-position":"center center","background-size":"auto","background-attachment":"scroll","background-type":"","background-media":"","overlay-type":"","overlay-color":"","overlay-opacity":"","overlay-gradient":""},"tablet":{"background-color":"var(--ast-global-color-5)","background-image":"","background-repeat":"repeat","background-position":"center center","background-size":"auto","background-attachment":"scroll","background-type":"","background-media":"","overlay-type":"","overlay-color":"","overlay-opacity":"","overlay-gradient":""},"mobile":{"background-color":"var(--ast-global-color-5)","background-image":"","background-repeat":"repeat","background-position":"center center","background-size":"auto","background-attachment":"scroll","background-type":"","background-media":"","overlay-type":"","overlay-color":"","overlay-opacity":"","overlay-gradient":""}}},"product_brand":[],"product_cat":[61],"product_tag":[],"class_list":{"0":"post-1911","1":"product","2":"type-product","3":"status-publish","4":"has-post-thumbnail","6":"product_cat-pastas","7":"desktop-align-left","8":"tablet-align-left","9":"mobile-align-left","11":"first","12":"instock","13":"shipping-taxable","14":"purchasable","15":"product-type-simple"},"uagb_featured_image_src":{"full":["https:\/\/serviciosxpress.com\/wp-content\/uploads\/2023\/08\/IMG_20230815_021544_496.jpg",1000,1000,false],"thumbnail":["https:\/\/serviciosxpress.com\/wp-content\/uploads\/2023\/08\/IMG_20230815_021544_496-150x150.jpg",150,150,true],"medium":["https:\/\/serviciosxpress.com\/wp-content\/uploads\/2023\/08\/IMG_20230815_021544_496-300x300.jpg",300,300,true],"medium_large":["https:\/\/serviciosxpress.com\/wp-content\/uploads\/2023\/08\/IMG_20230815_021544_496-768x768.jpg",768,768,true],"large":["https:\/\/serviciosxpress.com\/wp-content\/uploads\/2023\/08\/IMG_20230815_021544_496.jpg",1000,1000,false],"1536x1536":["https:\/\/serviciosxpress.com\/wp-content\/uploads\/2023\/08\/IMG_20230815_021544_496.jpg",1000,1000,false],"2048x2048":["https:\/\/serviciosxpress.com\/wp-content\/uploads\/2023\/08\/IMG_20230815_021544_496.jpg",1000,1000,false],"woocommerce_thumbnail":["https:\/\/serviciosxpress.com\/wp-content\/uploads\/2023\/08\/IMG_20230815_021544_496-300x300.jpg",300,300,true],"woocommerce_single":["https:\/\/serviciosxpress.com\/wp-content\/uploads\/2023\/08\/IMG_20230815_021544_496-600x600.jpg",600,600,true],"woocommerce_gallery_thumbnail":["https:\/\/serviciosxpress.com\/wp-content\/uploads\/2023\/08\/IMG_20230815_021544_496-100x100.jpg",100,100,true]},"uagb_author_info":{"display_name":"serviciosxpress.com","author_link":"https:\/\/serviciosxpress.com\/index.php\/author\/"},"uagb_comment_info":0,"uagb_excerpt":"Paquete de Spaguetti Mediterranea de 500 gramos Pasta elaborada a partir de s\u00e9mola de trigo duro y agua. La s\u00e9mola se produce limpiando, moliendo y tamizando \u00fanicamente trigo duro sano apto para el consumo humano. Es una pasta libre de impurezas, grumos y aditivos de cualquier tipo. Es ideal para los amantes de las recetas&hellip;","jetpack_sharing_enabled":true,"_links":{"self":[{"href":"https:\/\/serviciosxpress.com\/index.php\/wp-json\/wp\/v2\/product\/1911","targetHints":{"allow":["GET"]}}],"collection":[{"href":"https:\/\/serviciosxpress.com\/index.php\/wp-json\/wp\/v2\/product"}],"about":[{"href":"https:\/\/serviciosxpress.com\/index.php\/wp-json\/wp\/v2\/types\/product"}],"wp:featuredmedia":[{"embeddable":true,"href":"https:\/\/serviciosxpress.com\/index.php\/wp-json\/wp\/v2\/media\/1912"}],"wp:attachment":[{"href":"https:\/\/serviciosxpress.com\/index.php\/wp-json\/wp\/v2\/media?parent=1911"}],"wp:term":[{"taxonomy":"product_brand","embeddable":true,"href":"https:\/\/serviciosxpress.com\/index.php\/wp-json\/wp\/v2\/product_brand?post=1911"},{"taxonomy":"product_cat","embeddable":true,"href":"https:\/\/serviciosxpress.com\/index.php\/wp-json\/wp\/v2\/product_cat?post=1911"},{"taxonomy":"product_tag","embeddable":true,"href":"https:\/\/serviciosxpress.com\/index.php\/wp-json\/wp\/v2\/product_tag?post=1911"}],"curies":[{"name":"wp","href":"https:\/\/api.w.org\/{rel}","templated":true}]}}